{"id":233,"date":"2021-04-29T13:08:23","date_gmt":"2021-04-29T11:08:23","guid":{"rendered":"https:\/\/campingkunst.de\/?page_id=233"},"modified":"2021-04-29T13:08:25","modified_gmt":"2021-04-29T11:08:25","slug":"vorfreude-plaene","status":"publish","type":"page","link":"https:\/\/campingkunst.de\/en\/vorfreude-plaene\/","title":{"rendered":"Vorfreude &#038; Pl\u00e4ne"},"content":{"rendered":"<p>Im Grunde erfahren wir das Gl\u00fcck des Reisens, bevor man \u00fcberhaupt losf\u00e4hrt. Im Moment malen wir uns verschiedene Routen aus. Leider ist die Pandemielage immer noch etwas un\u00fcbersichtlich.<\/p>\n\n\n\n<p>Zum Einstieg planen wir zun\u00e4chst kleinere Exkursionen. Auf unserer ersten Tour im Mai wollen wir ungew\u00f6hnliche Orte in Mecklenburg-Vorpommern aufsuchen. Wir lesen uns gerade in das Thema ein. Wir leben zwar schon einige Jahre an der Ostsee, aber viele \u00d6rtlichkeiten und Landschaften &#8211; direkt vor der Haust\u00fcr &#8211; haben wir noch nicht gesehen. Zeit zum Nachholen.<\/p>\n\n\n\n<p>Ganz oben auf unserer Reiseliste steht ein Besuch der Andreas-Gursky-Ausstellung in Leipzig. Der Photograph und sein Blick auf die Strukturen der modernen, technologischen Welt fasziniert uns schon lange. Und wenn wir in der Gegend sind, werden wir wie immer Weimar besuchen. \u00dcber unsere Lieblingsstadt sind einige Blogeintr\u00e4ge geplant.<\/p>\n\n\n\n<p>\u00dcbrigens \u2013 am Montag (3.5.) wird endlich unser Roman \u201edie Camper\u201c gedruckt (Buchvorstellung folgt n\u00e4chste Woche). Das Buch basiert auf einer Reise, die wir im letzten Sommer unternommen haben. (Die Stationen waren damals: Weimar, Oppenau, Sils-Maria im Engadin, Comer See, Briancon, Verdon Schlucht, Aix-en-Provence, Arles, Castres, Biarritz, Baskenland). Apropos Pl\u00e4ne. Wir h\u00e4tten Lust, im Sp\u00e4tsommer, diese Strecke mit unserem Wohnmobil nochmals zu fahren. Mit viel mehr Zeit, insbesondere f\u00fcr einige Recherchen in der Camargue, da wir ein kleines Buch \u00fcber diese Landschaft planen.<\/p>\n\n\n\n<p>Na ja, vielleicht kommt ja auch alles anders. Wie sagte schon der gute alte Seneca: \u201eWie t\u00f6richt ist es, Pl\u00e4ne f\u00fcr das ganze Leben zu machen, da wir doch nicht einmal Herren des morgigen Tages sind.\u201c<\/p>\n\n\n\n<p>Auf jeden Fall &#8211; wenn es den sein soll \u2013 geht unsere erste gr\u00f6\u00dfere Fahrt in Richtung S\u00fcden\u2026..<\/p>","protected":false},"excerpt":{"rendered":"<p>Im Grunde erfahren wir das Gl\u00fcck des Reisens, bevor man \u00fcberhaupt losf\u00e4hrt. Im Moment malen wir uns verschiedene Routen aus. Leider ist die Pandemielage immer noch etwas un\u00fcbersichtlich. Zum Einstieg planen wir zun\u00e4chst kleinere Exkursionen. Auf unserer ersten Tour im &#8230; <a href=\"https:\/\/campingkunst.de\/en\/vorfreude-plaene\/\" rel=\"nofollow\">Weiterlesen<\/a><\/p>","protected":false},"author":2,"featured_media":234,"parent":0,"menu_order":0,"comment_status":"closed","ping_status":"closed","template":"","meta":{"give_campaign_id":0,"footnotes":""},"class_list":["post-233","page","type-page","status-publish","has-post-thumbnail","hentry"],"campaignId":"","_links":{"self":[{"href":"https:\/\/campingkunst.de\/en\/wp-json\/wp\/v2\/pages\/233","targetHints":{"allow":["GET"]}}],"collection":[{"href":"https:\/\/campingkunst.de\/en\/wp-json\/wp\/v2\/pages"}],"about":[{"href":"https:\/\/campingkunst.de\/en\/wp-json\/wp\/v2\/types\/page"}],"author":[{"embeddable":true,"href":"https:\/\/campingkunst.de\/en\/wp-json\/wp\/v2\/users\/2"}],"replies":[{"embeddable":true,"href":"https:\/\/campingkunst.de\/en\/wp-json\/wp\/v2\/comments?post=233"}],"version-history":[{"count":1,"href":"https:\/\/campingkunst.de\/en\/wp-json\/wp\/v2\/pages\/233\/revisions"}],"predecessor-version":[{"id":235,"href":"https:\/\/campingkunst.de\/en\/wp-json\/wp\/v2\/pages\/233\/revisions\/235"}],"wp:featuredmedia":[{"embeddable":true,"href":"https:\/\/campingkunst.de\/en\/wp-json\/wp\/v2\/media\/234"}],"wp:attachment":[{"href":"https:\/\/campingkunst.de\/en\/wp-json\/wp\/v2\/media?parent=233"}],"curies":[{"name":"wp","href":"https:\/\/api.w.org\/{rel}","templated":true}]}}